{"id":10960,"date":"2023-10-19T16:58:10","date_gmt":"2023-10-19T21:58:10","guid":{"rendered":"https:\/\/cerella.pe\/?post_type=product&#038;p=10960"},"modified":"2025-10-20T15:46:41","modified_gmt":"2025-10-20T20:46:41","slug":"molido-medio-cafe-de-1-kg-junin","status":"publish","type":"product","link":"https:\/\/cerella.pe\/en\/product\/molido-medio-cafe-de-1-kg-junin\/","title":{"rendered":"MOLIDO MEDIO | Caf\u00e9 de 1 Kg | Jun\u00edn"},"content":{"rendered":"<div class=\"jetpack-video-wrapper\"><iframe title=\"Cerella Caf\u00e9 de Especialidad\" width=\"640\" height=\"360\" src=\"https:\/\/www.youtube.com\/embed\/iqNbbil5zCc?feature=oembed&#038;enablejsapi=1&#038;origin=https:\/\/cerella.pe\" frameborder=\"0\" allow=\"accelerometer; autoplay; clipboard-write; encrypted-media; gyroscope; picture-in-picture; web-share\" referrerpolicy=\"strict-origin-when-cross-origin\" allowfullscreen><\/iframe><\/div>","protected":false},"excerpt":{"rendered":"<p><strong><span style=\"vertical-align: inherit\"><span style=\"vertical-align: inherit\">ORIGIN:<\/span><\/span><\/strong><span style=\"vertical-align: inherit\"><span style=\"vertical-align: inherit\"> Los Pinos Farm - Alto Uni\u00f3n Palomar - Chanchamayo - Jun\u00edn. <\/span><\/span><br \/>\n<strong><span style=\"vertical-align: inherit\"><span style=\"vertical-align: inherit\">HEIGHT:<\/span><\/span><\/strong><span style=\"vertical-align: inherit\"><span style=\"vertical-align: inherit\"> 1800 msnm. <\/span><\/span><br \/>\n<strong><span style=\"vertical-align: inherit\"><span style=\"vertical-align: inherit\">SPEC:<\/span><\/span><\/strong><span style=\"vertical-align: inherit\"><span style=\"vertical-align: inherit\"> 100% Arabica. <\/span><\/span><br \/>\n<strong><span style=\"vertical-align: inherit\"><span style=\"vertical-align: inherit\">VARIETY:<\/span><\/span><\/strong><span style=\"vertical-align: inherit\"><span style=\"vertical-align: inherit\"> Yellow Caturra. <\/span><\/span><br \/>\n<strong><span style=\"vertical-align: inherit\"><span style=\"vertical-align: inherit\">GRAMAJE:<\/span><\/span><\/strong><span style=\"vertical-align: inherit\"><span style=\"vertical-align: inherit\"> 1 Kg. <\/span><\/span><br \/>\n<strong><span style=\"vertical-align: inherit\"><span style=\"vertical-align: inherit\">SCORE:<\/span><\/span><\/strong><span style=\"vertical-align: inherit\"><span style=\"vertical-align: inherit\"> 83 points. <\/span><\/span><br \/>\n<strong><span style=\"vertical-align: inherit\"><span style=\"vertical-align: inherit\">CATEGORY:<\/span><\/span><\/strong><span style=\"vertical-align: inherit\"><span style=\"vertical-align: inherit\"> Microlot. <\/span><\/span><br \/>\n<strong><span style=\"vertical-align: inherit\"><span style=\"vertical-align: inherit\">PROCESS:<\/span><\/span><\/strong><span style=\"vertical-align: inherit\"><span style=\"vertical-align: inherit\"> Washing. <\/span><\/span><br \/>\n<strong><span style=\"vertical-align: inherit\"><span style=\"vertical-align: inherit\">SENSORY NOTES:<\/span><\/span><\/strong><span style=\"vertical-align: inherit\"><span style=\"vertical-align: inherit\"> Fragrance with notes of panela, mandarin, molasses. <\/span><span style=\"vertical-align: inherit\">Sweet and chocolate flavor. <\/span><span style=\"vertical-align: inherit\">Light citric acidity. <\/span><span style=\"vertical-align: inherit\">Cuerpo cremoso.<\/span><\/span><\/p>\n<p>&nbsp;<\/p>\n<p><strong>QUALITY CERTIFICATE<\/strong><\/p>\n<p><a href=\"https:\/\/cerella.pe\/wp-content\/uploads\/2023\/11\/CERTIFICADO-DE-CALIDAD-PRODUCTOR-JUAN-HUACHURUNTO-ORIGEN-CHANCHAMAYO.pdf\" target=\"_blank\" rel=\"noopener\"><img decoding=\"async\" class=\"alignnone wp-image-11024 size-thumbnail\" src=\"https:\/\/cerella.pe\/wp-content\/uploads\/2023\/11\/QR-Certificado-Cafe-Chancamayo-Cerella-2023-150x150.png\" alt=\"\" width=\"150\" height=\"150\" srcset=\"https:\/\/cerella.pe\/wp-content\/uploads\/2023\/11\/QR-Certificado-Cafe-Chancamayo-Cerella-2023-150x150.png 150w, https:\/\/cerella.pe\/wp-content\/uploads\/2023\/11\/QR-Certificado-Cafe-Chancamayo-Cerella-2023-300x300.png 300w, https:\/\/cerella.pe\/wp-content\/uploads\/2023\/11\/QR-Certificado-Cafe-Chancamayo-Cerella-2023-768x768.png 768w, https:\/\/cerella.pe\/wp-content\/uploads\/2023\/11\/QR-Certificado-Cafe-Chancamayo-Cerella-2023-12x12.png 12w, https:\/\/cerella.pe\/wp-content\/uploads\/2023\/11\/QR-Certificado-Cafe-Chancamayo-Cerella-2023-600x600.png 600w, https:\/\/cerella.pe\/wp-content\/uploads\/2023\/11\/QR-Certificado-Cafe-Chancamayo-Cerella-2023-100x100.png 100w, https:\/\/cerella.pe\/wp-content\/uploads\/2023\/11\/QR-Certificado-Cafe-Chancamayo-Cerella-2023.png 800w\" sizes=\"(max-width: 150px) 100vw, 150px\" \/><\/a><\/p>","protected":false},"featured_media":11304,"comment_status":"closed","ping_status":"closed","template":"","meta":{"_coblocks_attr":"","_coblocks_dimensions":"","_coblocks_responsive_height":"","_coblocks_accordion_ie_support":"","inline_featured_image":false},"product_cat":[295,267,268,265,266,271,280,273,275,269,270],"product_tag":[],"class_list":["post-10960","product","type-product","status-publish","has-post-thumbnail","hentry","product_cat-1-kg-gramaje","product_cat-especie","product_cat-arabica-100","product_cat-origen","product_cat-junin","product_cat-gramaje","product_cat-medio","product_cat-molienda","product_cat-molido-medio","product_cat-variedad","product_cat-caturra-amarilla"],"yoast_head":"<!-- This site is optimized with the Yoast SEO plugin v26.3 - https:\/\/yoast.com\/wordpress\/plugins\/seo\/ -->\n<title>MOLIDO MEDIO | Caf\u00e9 de 1 Kg | Jun\u00edn - Cerella Caf&eacute;<\/title>\n<meta name=\"description\" content=\"Cerella Caf\u00e9 de Especialidad. ORIGEN: Finca Los Pinos \u2013 Alto Uni\u00f3n Palomar \u2013 Chanchamayo - 1 Kilo \u2013 Pasco. PUNTAJE: 83 puntos. CATEGOR\u00cdA: Microlote.\" \/>\n<meta name=\"robots\" content=\"index, follow, max-snippet:-1, max-image-preview:large, max-video-preview:-1\" \/>\n<link rel=\"canonical\" href=\"https:\/\/cerella.pe\/en\/product\/molido-medio-cafe-de-1-kg-junin\/\" \/>\n<meta property=\"og:locale\" content=\"en_US\" \/>\n<meta property=\"og:type\" content=\"article\" \/>\n<meta property=\"og:title\" content=\"MOLIDO MEDIO | Caf\u00e9 de 1 Kg | Jun\u00edn - Cerella Caf&eacute;\" \/>\n<meta property=\"og:description\" content=\"Cerella Caf\u00e9 de Especialidad. ORIGEN: Finca Los Pinos \u2013 Alto Uni\u00f3n Palomar \u2013 Chanchamayo - 1 Kilo \u2013 Pasco. PUNTAJE: 83 puntos. CATEGOR\u00cdA: Microlote.\" \/>\n<meta property=\"og:url\" content=\"https:\/\/cerella.pe\/en\/product\/molido-medio-cafe-de-1-kg-junin\/\" \/>\n<meta property=\"og:site_name\" content=\"Cerella Caf&eacute;\" \/>\n<meta property=\"article:modified_time\" content=\"2025-10-20T20:46:41+00:00\" \/>\n<meta property=\"og:image\" content=\"https:\/\/cerella.pe\/wp-content\/uploads\/2023\/10\/MOLIDO-MEDIO-Cafe-de-1-Kg-Chanchamayo.png\" \/>\n\t<meta property=\"og:image:width\" content=\"800\" \/>\n\t<meta property=\"og:image:height\" content=\"800\" \/>\n\t<meta property=\"og:image:type\" content=\"image\/png\" \/>\n<meta name=\"twitter:card\" content=\"summary_large_image\" \/>\n<meta name=\"twitter:label1\" content=\"Est. reading time\" \/>\n\t<meta name=\"twitter:data1\" content=\"1 minute\" \/>\n<script type=\"application\/ld+json\" class=\"yoast-schema-graph\">{\"@context\":\"https:\/\/schema.org\",\"@graph\":[{\"@type\":\"WebPage\",\"@id\":\"https:\/\/cerella.pe\/producto\/molido-medio-cafe-de-1-kg-junin\/\",\"url\":\"https:\/\/cerella.pe\/producto\/molido-medio-cafe-de-1-kg-junin\/\",\"name\":\"MOLIDO MEDIO | Caf\u00e9 de 1 Kg | Jun\u00edn - Cerella Caf&eacute;\",\"isPartOf\":{\"@id\":\"https:\/\/cerella.pe\/#website\"},\"primaryImageOfPage\":{\"@id\":\"https:\/\/cerella.pe\/producto\/molido-medio-cafe-de-1-kg-junin\/#primaryimage\"},\"image\":{\"@id\":\"https:\/\/cerella.pe\/producto\/molido-medio-cafe-de-1-kg-junin\/#primaryimage\"},\"thumbnailUrl\":\"https:\/\/cerella.pe\/wp-content\/uploads\/2023\/10\/MOLIDO-MEDIO-Cafe-de-1-Kg-Chanchamayo.png\",\"datePublished\":\"2023-10-19T21:58:10+00:00\",\"dateModified\":\"2025-10-20T20:46:41+00:00\",\"description\":\"Cerella Caf\u00e9 de Especialidad. ORIGEN: Finca Los Pinos \u2013 Alto Uni\u00f3n Palomar \u2013 Chanchamayo - 1 Kilo \u2013 Pasco. PUNTAJE: 83 puntos. CATEGOR\u00cdA: Microlote.\",\"breadcrumb\":{\"@id\":\"https:\/\/cerella.pe\/producto\/molido-medio-cafe-de-1-kg-junin\/#breadcrumb\"},\"inLanguage\":\"en-US\",\"potentialAction\":[{\"@type\":\"ReadAction\",\"target\":[\"https:\/\/cerella.pe\/producto\/molido-medio-cafe-de-1-kg-junin\/\"]}]},{\"@type\":\"ImageObject\",\"inLanguage\":\"en-US\",\"@id\":\"https:\/\/cerella.pe\/producto\/molido-medio-cafe-de-1-kg-junin\/#primaryimage\",\"url\":\"https:\/\/cerella.pe\/wp-content\/uploads\/2023\/10\/MOLIDO-MEDIO-Cafe-de-1-Kg-Chanchamayo.png\",\"contentUrl\":\"https:\/\/cerella.pe\/wp-content\/uploads\/2023\/10\/MOLIDO-MEDIO-Cafe-de-1-Kg-Chanchamayo.png\",\"width\":800,\"height\":800,\"caption\":\"Caf\u00e9 de 1 Kg Jun\u00edn\"},{\"@type\":\"BreadcrumbList\",\"@id\":\"https:\/\/cerella.pe\/producto\/molido-medio-cafe-de-1-kg-junin\/#breadcrumb\",\"itemListElement\":[{\"@type\":\"ListItem\",\"position\":1,\"name\":\"Home\",\"item\":\"https:\/\/cerella.pe\/\"},{\"@type\":\"ListItem\",\"position\":2,\"name\":\"Productos\",\"item\":\"https:\/\/cerella.pe\/shop\/\"},{\"@type\":\"ListItem\",\"position\":3,\"name\":\"MOLIDO MEDIO | Caf\u00e9 de 1 Kg | Jun\u00edn\"}]},{\"@type\":\"WebSite\",\"@id\":\"https:\/\/cerella.pe\/#website\",\"url\":\"https:\/\/cerella.pe\/\",\"name\":\"Cerella Caf&eacute;\",\"description\":\"Caf&eacute; Peruano\",\"publisher\":{\"@id\":\"https:\/\/cerella.pe\/#organization\"},\"potentialAction\":[{\"@type\":\"SearchAction\",\"target\":{\"@type\":\"EntryPoint\",\"urlTemplate\":\"https:\/\/cerella.pe\/?s={search_term_string}\"},\"query-input\":{\"@type\":\"PropertyValueSpecification\",\"valueRequired\":true,\"valueName\":\"search_term_string\"}}],\"inLanguage\":\"en-US\"},{\"@type\":\"Organization\",\"@id\":\"https:\/\/cerella.pe\/#organization\",\"name\":\"Cerella Caf&eacute;\",\"url\":\"https:\/\/cerella.pe\/\",\"logo\":{\"@type\":\"ImageObject\",\"inLanguage\":\"en-US\",\"@id\":\"https:\/\/cerella.pe\/#\/schema\/logo\/image\/\",\"url\":\"https:\/\/cerella.pe\/wp-content\/uploads\/2023\/01\/Cerella-Cafe-Logo-redondo.png\",\"contentUrl\":\"https:\/\/cerella.pe\/wp-content\/uploads\/2023\/01\/Cerella-Cafe-Logo-redondo.png\",\"width\":512,\"height\":512,\"caption\":\"Cerella Caf&eacute;\"},\"image\":{\"@id\":\"https:\/\/cerella.pe\/#\/schema\/logo\/image\/\"}}]}<\/script>\n<!-- \/ Yoast SEO plugin. -->","yoast_head_json":{"title":"MOLIDO MEDIO | Caf\u00e9 de 1 Kg | Jun\u00edn - Cerella Caf&eacute;","description":"Cerella Caf\u00e9 de Especialidad. ORIGEN: Finca Los Pinos \u2013 Alto Uni\u00f3n Palomar \u2013 Chanchamayo - 1 Kilo \u2013 Pasco. PUNTAJE: 83 puntos. CATEGOR\u00cdA: Microlote.","robots":{"index":"index","follow":"follow","max-snippet":"max-snippet:-1","max-image-preview":"max-image-preview:large","max-video-preview":"max-video-preview:-1"},"canonical":"https:\/\/cerella.pe\/en\/product\/molido-medio-cafe-de-1-kg-junin\/","og_locale":"en_US","og_type":"article","og_title":"MOLIDO MEDIO | Caf\u00e9 de 1 Kg | Jun\u00edn - Cerella Caf&eacute;","og_description":"Cerella Caf\u00e9 de Especialidad. ORIGEN: Finca Los Pinos \u2013 Alto Uni\u00f3n Palomar \u2013 Chanchamayo - 1 Kilo \u2013 Pasco. PUNTAJE: 83 puntos. CATEGOR\u00cdA: Microlote.","og_url":"https:\/\/cerella.pe\/en\/product\/molido-medio-cafe-de-1-kg-junin\/","og_site_name":"Cerella Caf&eacute;","article_modified_time":"2025-10-20T20:46:41+00:00","og_image":[{"width":800,"height":800,"url":"https:\/\/cerella.pe\/wp-content\/uploads\/2023\/10\/MOLIDO-MEDIO-Cafe-de-1-Kg-Chanchamayo.png","type":"image\/png"}],"twitter_card":"summary_large_image","twitter_misc":{"Est. reading time":"1 minute"},"schema":{"@context":"https:\/\/schema.org","@graph":[{"@type":"WebPage","@id":"https:\/\/cerella.pe\/producto\/molido-medio-cafe-de-1-kg-junin\/","url":"https:\/\/cerella.pe\/producto\/molido-medio-cafe-de-1-kg-junin\/","name":"MOLIDO MEDIO | Caf\u00e9 de 1 Kg | Jun\u00edn - Cerella Caf&eacute;","isPartOf":{"@id":"https:\/\/cerella.pe\/#website"},"primaryImageOfPage":{"@id":"https:\/\/cerella.pe\/producto\/molido-medio-cafe-de-1-kg-junin\/#primaryimage"},"image":{"@id":"https:\/\/cerella.pe\/producto\/molido-medio-cafe-de-1-kg-junin\/#primaryimage"},"thumbnailUrl":"https:\/\/cerella.pe\/wp-content\/uploads\/2023\/10\/MOLIDO-MEDIO-Cafe-de-1-Kg-Chanchamayo.png","datePublished":"2023-10-19T21:58:10+00:00","dateModified":"2025-10-20T20:46:41+00:00","description":"Cerella Caf\u00e9 de Especialidad. ORIGEN: Finca Los Pinos \u2013 Alto Uni\u00f3n Palomar \u2013 Chanchamayo - 1 Kilo \u2013 Pasco. PUNTAJE: 83 puntos. CATEGOR\u00cdA: Microlote.","breadcrumb":{"@id":"https:\/\/cerella.pe\/producto\/molido-medio-cafe-de-1-kg-junin\/#breadcrumb"},"inLanguage":"en-US","potentialAction":[{"@type":"ReadAction","target":["https:\/\/cerella.pe\/producto\/molido-medio-cafe-de-1-kg-junin\/"]}]},{"@type":"ImageObject","inLanguage":"en-US","@id":"https:\/\/cerella.pe\/producto\/molido-medio-cafe-de-1-kg-junin\/#primaryimage","url":"https:\/\/cerella.pe\/wp-content\/uploads\/2023\/10\/MOLIDO-MEDIO-Cafe-de-1-Kg-Chanchamayo.png","contentUrl":"https:\/\/cerella.pe\/wp-content\/uploads\/2023\/10\/MOLIDO-MEDIO-Cafe-de-1-Kg-Chanchamayo.png","width":800,"height":800,"caption":"Caf\u00e9 de 1 Kg Jun\u00edn"},{"@type":"BreadcrumbList","@id":"https:\/\/cerella.pe\/producto\/molido-medio-cafe-de-1-kg-junin\/#breadcrumb","itemListElement":[{"@type":"ListItem","position":1,"name":"Home","item":"https:\/\/cerella.pe\/"},{"@type":"ListItem","position":2,"name":"Productos","item":"https:\/\/cerella.pe\/shop\/"},{"@type":"ListItem","position":3,"name":"MOLIDO MEDIO | Caf\u00e9 de 1 Kg | Jun\u00edn"}]},{"@type":"WebSite","@id":"https:\/\/cerella.pe\/#website","url":"https:\/\/cerella.pe\/","name":"Cerella Caf&eacute;","description":"Caf&eacute; Peruano","publisher":{"@id":"https:\/\/cerella.pe\/#organization"},"potentialAction":[{"@type":"SearchAction","target":{"@type":"EntryPoint","urlTemplate":"https:\/\/cerella.pe\/?s={search_term_string}"},"query-input":{"@type":"PropertyValueSpecification","valueRequired":true,"valueName":"search_term_string"}}],"inLanguage":"en-US"},{"@type":"Organization","@id":"https:\/\/cerella.pe\/#organization","name":"Cerella Caf&eacute;","url":"https:\/\/cerella.pe\/","logo":{"@type":"ImageObject","inLanguage":"en-US","@id":"https:\/\/cerella.pe\/#\/schema\/logo\/image\/","url":"https:\/\/cerella.pe\/wp-content\/uploads\/2023\/01\/Cerella-Cafe-Logo-redondo.png","contentUrl":"https:\/\/cerella.pe\/wp-content\/uploads\/2023\/01\/Cerella-Cafe-Logo-redondo.png","width":512,"height":512,"caption":"Cerella Caf&eacute;"},"image":{"@id":"https:\/\/cerella.pe\/#\/schema\/logo\/image\/"}}]}},"jetpack_sharing_enabled":true,"_links":{"self":[{"href":"https:\/\/cerella.pe\/en\/wp-json\/wp\/v2\/product\/10960","targetHints":{"allow":["GET"]}}],"collection":[{"href":"https:\/\/cerella.pe\/en\/wp-json\/wp\/v2\/product"}],"about":[{"href":"https:\/\/cerella.pe\/en\/wp-json\/wp\/v2\/types\/product"}],"replies":[{"embeddable":true,"href":"https:\/\/cerella.pe\/en\/wp-json\/wp\/v2\/comments?post=10960"}],"version-history":[{"count":10,"href":"https:\/\/cerella.pe\/en\/wp-json\/wp\/v2\/product\/10960\/revisions"}],"predecessor-version":[{"id":12055,"href":"https:\/\/cerella.pe\/en\/wp-json\/wp\/v2\/product\/10960\/revisions\/12055"}],"wp:featuredmedia":[{"embeddable":true,"href":"https:\/\/cerella.pe\/en\/wp-json\/wp\/v2\/media\/11304"}],"wp:attachment":[{"href":"https:\/\/cerella.pe\/en\/wp-json\/wp\/v2\/media?parent=10960"}],"wp:term":[{"taxonomy":"product_cat","embeddable":true,"href":"https:\/\/cerella.pe\/en\/wp-json\/wp\/v2\/product_cat?post=10960"},{"taxonomy":"product_tag","embeddable":true,"href":"https:\/\/cerella.pe\/en\/wp-json\/wp\/v2\/product_tag?post=10960"}],"curies":[{"name":"wp","href":"https:\/\/api.w.org\/{rel}","templated":true}]}}